{"id":31,"date":"2023-06-05T03:23:25","date_gmt":"2023-06-05T03:23:25","guid":{"rendered":"https:\/\/intouchyou.es\/index.php\/home-2\/"},"modified":"2024-07-16T16:27:08","modified_gmt":"2024-07-16T16:27:08","slug":"home-2","status":"publish","type":"page","link":"https:\/\/intouchyou.es\/en\/","title":{"rendered":"Inicio"},"content":{"rendered":"<div class=\"wp-block-uagb-container uagb-block-bbf39627 alignfull uagb-is-root-container\"><div class=\"uagb-container-inner-blocks-wrap\">\n<div class=\"wp-block-uagb-advanced-heading uagb-block-73e2eab2\"><h1 class=\"uagb-heading-text\">In Touch With You<\/h1><p class=\"uagb-desc-text\">\u00abWe connect people, we provide solutions. \"In touch with you\", your trusted call center. \u00bb<\/p><\/div>\n\n\n\n<div class=\"wp-block-uagb-buttons uagb-buttons__outer-wrap uagb-btn__default-btn uagb-btn-tablet__default-btn uagb-btn-mobile__default-btn uagb-block-fb6d8b95\"><div class=\"uagb-buttons__wrap uagb-buttons-layout-wrap\">\n<div class=\"wp-block-uagb-buttons-child uagb-buttons__outer-wrap uagb-block-c79079ba wp-block-button is-style-outline\"><div class=\"uagb-button__wrapper\"><a class=\"uagb-buttons-repeater wp-block-button__link\" aria-label=\"\" href=\"\/en\/contact\/\" rel=\"follow noopener\" target=\"_self\" role=\"button\"><div class=\"uagb-button__link\">CONTACT<\/div><\/a><\/div><\/div>\n<\/div><\/div>\n<\/div><\/div>\n\n\n\n<div class=\"wp-block-uagb-container uagb-block-e7866b07 alignfull uagb-is-root-container\"><div class=\"uagb-container-inner-blocks-wrap\">\n<div class=\"wp-block-uagb-advanced-heading uagb-block-0a58fff5\"><h2 class=\"uagb-heading-text\">OUR SERVICES<\/h2><p class=\"uagb-desc-text\">We offer efficient and personalized customer service services, guaranteeing quick responses and effective solutions to satisfy user needs.<\/p><\/div>\n\n\n\n<div class=\"wp-block-uagb-container uagb-block-e6570b78\">\n<div class=\"wp-block-uagb-container uagb-block-3d2cb4ef\">\n<figure class=\"wp-block-image aligncenter size-full is-resized\"><img loading=\"lazy\" decoding=\"async\" width=\"554\" height=\"661\" src=\"https:\/\/intouchyou.es\/wp-content\/uploads\/2024\/01\/Captura-de-pantalla-77c-5.png\" alt=\"\" class=\"wp-image-1418\" style=\"width:318px;height:auto\" srcset=\"https:\/\/intouchyou.es\/wp-content\/uploads\/2024\/01\/Captura-de-pantalla-77c-5.png 554w, https:\/\/intouchyou.es\/wp-content\/uploads\/2024\/01\/Captura-de-pantalla-77c-5-251x300.png 251w\" sizes=\"auto, (max-width: 554px) 100vw, 554px\" \/><\/figure>\n\n\n\n<div class=\"wp-block-uagb-advanced-heading uagb-block-95fc88ef\"><h4 class=\"uagb-heading-text\">Lead Generation<\/h4><p class=\"uagb-desc-text\">Sales of products or services and lead generation<\/p><\/div>\n<\/div>\n\n\n\n<div class=\"wp-block-uagb-container uagb-block-34c373cb\">\n<figure class=\"wp-block-image aligncenter size-full is-resized\"><img loading=\"lazy\" decoding=\"async\" width=\"749\" height=\"769\" src=\"https:\/\/intouchyou.es\/wp-content\/uploads\/2024\/01\/Captura-de-pantalla-87-1.png\" alt=\"\" class=\"wp-image-1430\" style=\"width:368px;height:auto\" srcset=\"https:\/\/intouchyou.es\/wp-content\/uploads\/2024\/01\/Captura-de-pantalla-87-1.png 749w, https:\/\/intouchyou.es\/wp-content\/uploads\/2024\/01\/Captura-de-pantalla-87-1-292x300.png 292w\" sizes=\"auto, (max-width: 749px) 100vw, 749px\" \/><\/figure>\n\n\n\n<div class=\"wp-block-uagb-advanced-heading uagb-block-f7c52896\"><h4 class=\"uagb-heading-text\">Customer Support<\/h4><p class=\"uagb-desc-text\">Consulting and problem resolution<\/p><\/div>\n<\/div>\n\n\n\n<div class=\"wp-block-uagb-container uagb-block-5d3877ac\">\n<figure class=\"wp-block-image size-full is-resized\"><img loading=\"lazy\" decoding=\"async\" width=\"647\" height=\"644\" src=\"https:\/\/intouchyou.es\/wp-content\/uploads\/2024\/01\/Captura-de-pantalla-86.png\" alt=\"\" class=\"wp-image-1427\" style=\"width:376px;height:auto\" srcset=\"https:\/\/intouchyou.es\/wp-content\/uploads\/2024\/01\/Captura-de-pantalla-86.png 647w, https:\/\/intouchyou.es\/wp-content\/uploads\/2024\/01\/Captura-de-pantalla-86-300x300.png 300w, https:\/\/intouchyou.es\/wp-content\/uploads\/2024\/01\/Captura-de-pantalla-86-150x150.png 150w\" sizes=\"auto, (max-width: 647px) 100vw, 647px\" \/><\/figure>\n\n\n\n<div class=\"wp-block-uagb-advanced-heading uagb-block-6a1fdc68\"><h4 class=\"uagb-heading-text\">Community Manager<\/h4><p class=\"uagb-desc-text\">Building and maintaining an active and engaged community around a brand<\/p><\/div>\n<\/div>\n<\/div>\n<\/div><\/div>\n\n\n\n<div class=\"wp-block-uagb-container uagb-block-e75a8bc7 alignfull uagb-is-root-container\"><div class=\"uagb-container-inner-blocks-wrap\">\n<div class=\"wp-block-uagb-container uagb-block-6520c632\">\n<figure class=\"wp-block-image size-large\"><img loading=\"lazy\" decoding=\"async\" width=\"1024\" height=\"697\" src=\"https:\/\/intouchyou.es\/wp-content\/uploads\/2024\/01\/Captura-de-pantalla-84-1024x697.png\" alt=\"\" class=\"wp-image-1426\" srcset=\"https:\/\/intouchyou.es\/wp-content\/uploads\/2024\/01\/Captura-de-pantalla-84-1024x697.png 1024w, https:\/\/intouchyou.es\/wp-content\/uploads\/2024\/01\/Captura-de-pantalla-84-300x204.png 300w, https:\/\/intouchyou.es\/wp-content\/uploads\/2024\/01\/Captura-de-pantalla-84-768x523.png 768w, https:\/\/intouchyou.es\/wp-content\/uploads\/2024\/01\/Captura-de-pantalla-84-1536x1045.png 1536w, https:\/\/intouchyou.es\/wp-content\/uploads\/2024\/01\/Captura-de-pantalla-84.png 1565w\" sizes=\"auto, (max-width: 1024px) 100vw, 1024px\" \/><\/figure>\n<\/div>\n\n\n\n<div class=\"wp-block-uagb-container uagb-block-bf753efa\">\n<div class=\"wp-block-uagb-advanced-heading uagb-block-8b828414\"><h2 class=\"uagb-heading-text\">About Us<\/h2><p class=\"uagb-desc-text\">At In Touch With You, the call center team is committed to providing exceptional experiences. We transform each call into a bridge of satisfaction for our clients. We strive to meet and exceed our customers' expectations.<\/p><\/div>\n\n\n\n<div class=\"wp-block-uagb-icon-list uagb-block-814139ee\"><div class=\"uagb-icon-list__wrap\">\n<div class=\"wp-block-uagb-icon-list-child uagb-block-765991b7\"><span class=\"uagb-icon-list__source-wrap\"><svg xmlns=\"https:\/\/www.w3.org\/2000\/svg\" viewbox=\"0 0 512 512\"><path d=\"M0 256C0 114.6 114.6 0 256 0C397.4 0 512 114.6 512 256C512 397.4 397.4 512 256 512C114.6 512 0 397.4 0 256zM371.8 211.8C382.7 200.9 382.7 183.1 371.8 172.2C360.9 161.3 343.1 161.3 332.2 172.2L224 280.4L179.8 236.2C168.9 225.3 151.1 225.3 140.2 236.2C129.3 247.1 129.3 264.9 140.2 275.8L204.2 339.8C215.1 350.7 232.9 350.7 243.8 339.8L371.8 211.8z\"><\/path><\/svg><\/span><span class=\"uagb-icon-list__label\">Certified experts<\/span><\/div>\n\n\n\n<div class=\"wp-block-uagb-icon-list-child uagb-block-83ca6f36\"><span class=\"uagb-icon-list__source-wrap\"><svg xmlns=\"https:\/\/www.w3.org\/2000\/svg\" viewbox=\"0 0 512 512\"><path d=\"M0 256C0 114.6 114.6 0 256 0C397.4 0 512 114.6 512 256C512 397.4 397.4 512 256 512C114.6 512 0 397.4 0 256zM371.8 211.8C382.7 200.9 382.7 183.1 371.8 172.2C360.9 161.3 343.1 161.3 332.2 172.2L224 280.4L179.8 236.2C168.9 225.3 151.1 225.3 140.2 236.2C129.3 247.1 129.3 264.9 140.2 275.8L204.2 339.8C215.1 350.7 232.9 350.7 243.8 339.8L371.8 211.8z\"><\/path><\/svg><\/span><span class=\"uagb-icon-list__label\">Quality Services<\/span><\/div>\n\n\n\n<div class=\"wp-block-uagb-icon-list-child uagb-block-7bbbc787\"><span class=\"uagb-icon-list__source-wrap\"><svg xmlns=\"https:\/\/www.w3.org\/2000\/svg\" viewbox=\"0 0 512 512\"><path d=\"M0 256C0 114.6 114.6 0 256 0C397.4 0 512 114.6 512 256C512 397.4 397.4 512 256 512C114.6 512 0 397.4 0 256zM371.8 211.8C382.7 200.9 382.7 183.1 371.8 172.2C360.9 161.3 343.1 161.3 332.2 172.2L224 280.4L179.8 236.2C168.9 225.3 151.1 225.3 140.2 236.2C129.3 247.1 129.3 264.9 140.2 275.8L204.2 339.8C215.1 350.7 232.9 350.7 243.8 339.8L371.8 211.8z\"><\/path><\/svg><\/span><span class=\"uagb-icon-list__label\">Advanced technology <\/span><\/div>\n<\/div><\/div>\n<\/div>\n<\/div><\/div>\n\n\n\n<div class=\"wp-block-uagb-container uagb-block-fd60b051 alignfull uagb-is-root-container\"><div class=\"uagb-container-inner-blocks-wrap\">\n<div class=\"wp-block-uagb-advanced-heading uagb-block-c38288e8\"><h2 class=\"uagb-heading-text\">Our team<\/h2><p class=\"uagb-desc-text\">Our team is made up of expert professionals who come from diverse ethnic backgrounds, possess diverse skills and have varied experiences. This diversity enhances our quality of customer service and enriches the work environment.<\/p><\/div>\n<\/div><\/div>\n\n\n\n<div class=\"wp-block-uagb-container uagb-block-d11e5f78 alignfull uagb-is-root-container\">\n<div class=\"wp-block-uagb-container uagb-block-b956750c\">\n<div class=\"wp-block-cover aligncenter\"><span aria-hidden=\"true\" class=\"wp-block-cover__background has-background-dim\"><\/span><img decoding=\"async\" class=\"wp-block-cover__image-background\" alt=\"\" src=\"https:\/\/intouchyou.es\/wp-content\/uploads\/2024\/01\/Captura-de-pantalla-83-2.png\" data-object-fit=\"cover\"\/><div class=\"wp-block-cover__inner-container is-layout-flow wp-block-cover-is-layout-flow\">\n<p class=\"has-text-align-center has-large-font-size\"><em> <\/em>  <\/p>\n<\/div><\/div>\n<\/div>\n<\/div>\n\n\n\n<div class=\"wp-block-uagb-container uagb-block-4f71b1d7 alignfull uagb-is-root-container\"><div class=\"uagb-container-inner-blocks-wrap\">\n<div class=\"wp-block-uagb-advanced-heading uagb-block-e28823c8\"><h2 class=\"uagb-heading-text\">Our clients<\/h2><\/div>\n\n\n\n<div class=\"wp-block-uagb-container uagb-block-db45a034\">\n<div class=\"wp-block-uagb-container uagb-block-924196db\">\n<div class=\"wp-block-uagb-star-rating uagb-block-dbc5fdd1\"><div class=\"uag-star-rating\" title=\"5\/5\"><span class=\"uag-star\">\u2605<\/span><span class=\"uag-star\">\u2605<\/span><span class=\"uag-star\">\u2605<\/span><span class=\"uag-star\">\u2605<\/span><span class=\"uag-star\">\u2605<\/span><\/div><\/div>\n\n\n\n<div class=\"wp-block-uagb-advanced-heading uagb-block-6bd99a06\"><p class=\"uagb-desc-text\">In Touch With You consistently exceeds our expectations. The quality of service is top notch.<\/p><\/div>\n\n\n\n<div class=\"wp-block-uagb-info-box uagb-block-46263639 uagb-infobox__content-wrap  uagb-infobox-icon-left uagb-infobox-left uagb-infobox-image-valign-middle\"><div class=\"uagb-ifb-image-content\"><img decoding=\"async\" src=\"https:\/\/intouchyou.es\/wp-content\/uploads\/2023\/07\/teammate-skip-01.jpg\" alt=\"\" width=\"60\" height=\"60\" loading=\"lazy\"\/><\/div><div class=\"uagb-ifb-content\"><div class=\"uagb-ifb-title-wrap\"><\/div><p class=\"uagb-ifb-desc\">Juan Rodr\u00edguez<\/p><\/div><\/div>\n<\/div>\n\n\n\n<div class=\"wp-block-uagb-container uagb-block-b0b83f51\">\n<div class=\"wp-block-uagb-star-rating uagb-block-5333c98d\"><div class=\"uag-star-rating\" title=\"5\/5\"><span class=\"uag-star\">\u2605<\/span><span class=\"uag-star\">\u2605<\/span><span class=\"uag-star\">\u2605<\/span><span class=\"uag-star\">\u2605<\/span><span class=\"uag-star\">\u2605<\/span><\/div><\/div>\n\n\n\n<div class=\"wp-block-uagb-advanced-heading uagb-block-b4692e70\"><p class=\"uagb-desc-text\">I am impressed with the professionalism and attention to detail shown by In Touch With You. Highly recommended.<\/p><\/div>\n\n\n\n<div class=\"wp-block-uagb-info-box uagb-block-0ebbb876 uagb-infobox__content-wrap  uagb-infobox-icon-left uagb-infobox-left uagb-infobox-image-valign-middle\"><div class=\"uagb-ifb-image-content\"><img decoding=\"async\" src=\"https:\/\/intouchyou.es\/wp-content\/uploads\/2023\/07\/teammate-skip-02.jpg\" alt=\"\" width=\"60\" height=\"60\" loading=\"lazy\"\/><\/div><div class=\"uagb-ifb-content\"><div class=\"uagb-ifb-title-wrap\"><\/div><p class=\"uagb-ifb-desc\">Rosario Garc\u00eda<\/p><\/div><\/div>\n<\/div>\n\n\n\n<div class=\"wp-block-uagb-container uagb-block-8878ad7b\">\n<div class=\"wp-block-uagb-star-rating uagb-block-dd4c6e7a\"><div class=\"uag-star-rating\" title=\"5\/5\"><span class=\"uag-star\">\u2605<\/span><span class=\"uag-star\">\u2605<\/span><span class=\"uag-star\">\u2605<\/span><span class=\"uag-star\">\u2605<\/span><span class=\"uag-star\">\u2605<\/span><\/div><\/div>\n\n\n\n<div class=\"wp-block-uagb-advanced-heading uagb-block-d3e72589\"><p class=\"uagb-desc-text\">The \"In Touch With You\" team is exceptional. They consistently deliver outstanding results.<\/p><\/div>\n\n\n\n<div class=\"wp-block-uagb-info-box uagb-block-47a84019 uagb-infobox__content-wrap  uagb-infobox-icon-left uagb-infobox-left uagb-infobox-image-valign-middle\"><div class=\"uagb-ifb-image-content\"><img decoding=\"async\" src=\"https:\/\/intouchyou.es\/wp-content\/uploads\/2023\/07\/teammate-skip-03.jpg\" alt=\"\" width=\"60\" height=\"60\" loading=\"lazy\"\/><\/div><div class=\"uagb-ifb-content\"><div class=\"uagb-ifb-title-wrap\"><\/div><p class=\"uagb-ifb-desc\"><strong><strong>Ana Gonz\u00e1lez<\/strong><\/strong><\/p><\/div><\/div>\n<\/div>\n<\/div>\n<\/div><\/div>\n\n\n\n<div class=\"wp-block-uagb-container uagb-block-2a9574c8 alignfull uagb-is-root-container\"><div class=\"uagb-container-inner-blocks-wrap\">\n<div class=\"wp-block-uagb-info-box uagb-block-871f6ba5 uagb-infobox__content-wrap  uagb-infobox-icon-above-title uagb-infobox-image-valign-top\"><div class=\"uagb-ifb-content\"><div class=\"uagb-ifb-title-wrap\"><h2 class=\"uagb-ifb-title\">Take the next step<\/h2><\/div><p class=\"uagb-ifb-desc\">Contact us now to find out how we can improve your customer experience.<\/p><div class=\"uagb-ifb-button-wrapper wp-block-button\"><a href=\"\/en\/contact\/\" class=\"uagb-infobox-cta-link wp-block-button__link\" target=\"_self\" rel=\"noopener noreferrer\" onclick=\"return true;\" alt=\"\"><span class=\"uagb-inline-editing\">CONTACT US<\/span><\/a><\/div><\/div><\/div>\n<\/div><\/div>","protected":false},"excerpt":{"rendered":"<p>In Touch With You \u00abConectamos personas, brindamos soluciones. In Touch With You, tu centro de llamadas de confianza.\u00bb Nuestros servicios Ofrecemos servicios eficientes y personalizados de atenci\u00f3n al cliente, garantizando respuestas r\u00e1pidas y soluciones efectivas para satisfacer las necesidades de los usuarios. Generaci\u00f3n de Leads Ventas de productos o servicios y generaci\u00f3n de leads Customer [&hellip;]<\/p>","protected":false},"author":1,"featured_media":0,"parent":0,"menu_order":0,"comment_status":"closed","ping_status":"closed","template":"","meta":{"_uag_custom_page_level_css":"","site-sidebar-layout":"default","site-content-layout":"page-builder","ast-site-content-layout":"full-width-container","site-content-style":"unboxed","site-sidebar-style":"unboxed","ast-global-header-display":"","ast-banner-title-visibility":"","ast-main-header-display":"","ast-hfb-above-header-display":"","ast-hfb-below-header-display":"","ast-hfb-mobile-header-display":"","site-post-title":"disabled","ast-breadcrumbs-content":"","ast-featured-img":"","footer-sml-layout":"","ast-disable-related-posts":"","theme-transparent-header-meta":"","adv-header-id-meta":"","stick-header-meta":"","header-above-stick-meta":"","header-main-stick-meta":"","header-below-stick-meta":"","astra-migrate-meta-layouts":"set","ast-page-background-enabled":"default","ast-page-background-meta":{"desktop":{"background-color":"var(--ast-global-color-5)","background-image":"","background-repeat":"repeat","background-position":"center center","background-size":"auto","background-attachment":"scroll","background-type":"","background-media":"","overlay-type":"","overlay-color":"","overlay-opacity":"","overlay-gradient":""},"tablet":{"background-color":"","background-image":"","background-repeat":"repeat","background-position":"center center","background-size":"auto","background-attachment":"scroll","background-type":"","background-media":"","overlay-type":"","overlay-color":"","overlay-opacity":"","overlay-gradient":""},"mobile":{"background-color":"","background-image":"","background-repeat":"repeat","background-position":"center center","background-size":"auto","background-attachment":"scroll","background-type":"","background-media":"","overlay-type":"","overlay-color":"","overlay-opacity":"","overlay-gradient":""}},"ast-content-background-meta":{"desktop":{"background-color":"var(--ast-global-color-4)","background-image":"","background-repeat":"repeat","background-position":"center center","background-size":"auto","background-attachment":"scroll","background-type":"","background-media":"","overlay-type":"","overlay-color":"","overlay-opacity":"","overlay-gradient":""},"tablet":{"background-color":"var(--ast-global-color-4)","background-image":"","background-repeat":"repeat","background-position":"center center","background-size":"auto","background-attachment":"scroll","background-type":"","background-media":"","overlay-type":"","overlay-color":"","overlay-opacity":"","overlay-gradient":""},"mobile":{"background-color":"var(--ast-global-color-4)","background-image":"","background-repeat":"repeat","background-position":"center center","background-size":"auto","background-attachment":"scroll","background-type":"","background-media":"","overlay-type":"","overlay-color":"","overlay-opacity":"","overlay-gradient":""}},"footnotes":""},"class_list":["post-31","page","type-page","status-publish","hentry"],"uagb_featured_image_src":{"full":false,"thumbnail":false,"medium":false,"medium_large":false,"large":false,"1536x1536":false,"2048x2048":false,"trp-custom-language-flag":false},"uagb_author_info":{"display_name":"admin","author_link":"https:\/\/intouchyou.es\/en\/author\/xuanlazarot_0ye0j15b\/"},"uagb_comment_info":0,"uagb_excerpt":"In Touch With You \u00abConectamos personas, brindamos soluciones. In Touch With You, tu centro de llamadas de confianza.\u00bb Nuestros servicios Ofrecemos servicios eficientes y personalizados de atenci\u00f3n al cliente, garantizando respuestas r\u00e1pidas y soluciones efectivas para satisfacer las necesidades de los usuarios. Generaci\u00f3n de Leads Ventas de productos o servicios y generaci\u00f3n de leads Customer&hellip;","_links":{"self":[{"href":"https:\/\/intouchyou.es\/en\/wp-json\/wp\/v2\/pages\/31","targetHints":{"allow":["GET"]}}],"collection":[{"href":"https:\/\/intouchyou.es\/en\/wp-json\/wp\/v2\/pages"}],"about":[{"href":"https:\/\/intouchyou.es\/en\/wp-json\/wp\/v2\/types\/page"}],"author":[{"embeddable":true,"href":"https:\/\/intouchyou.es\/en\/wp-json\/wp\/v2\/users\/1"}],"replies":[{"embeddable":true,"href":"https:\/\/intouchyou.es\/en\/wp-json\/wp\/v2\/comments?post=31"}],"version-history":[{"count":16,"href":"https:\/\/intouchyou.es\/en\/wp-json\/wp\/v2\/pages\/31\/revisions"}],"predecessor-version":[{"id":1511,"href":"https:\/\/intouchyou.es\/en\/wp-json\/wp\/v2\/pages\/31\/revisions\/1511"}],"wp:attachment":[{"href":"https:\/\/intouchyou.es\/en\/wp-json\/wp\/v2\/media?parent=31"}],"curies":[{"name":"wp","href":"https:\/\/api.w.org\/{rel}","templated":true}]}}